{"id":75181,"date":"2019-05-07T11:44:51","date_gmt":"2019-05-07T09:44:51","guid":{"rendered":"https:\/\/blejkan.pl\/offer-technologies\/"},"modified":"2019-05-07T12:48:25","modified_gmt":"2019-05-07T10:48:25","slug":"offer-technologies","status":"publish","type":"page","link":"https:\/\/www.blejkan.ro\/en\/offer-technologies\/","title":{"rendered":"OFFER &#038; TECHNOLOGIES"},"content":{"rendered":"<div class=\"wpb-content-wrapper\"><p>[vc_row][vc_column column_width_percent=&#8221;100&#8243; align_horizontal=&#8221;align_center&#8221; overlay_alpha=&#8221;50&#8243; gutter_size=&#8221;3&#8243; medium_width=&#8221;0&#8243; mobile_width=&#8221;0&#8243; shift_x=&#8221;0&#8243; shift_y=&#8221;0&#8243; shift_y_down=&#8221;0&#8243; z_index=&#8221;0&#8243; width=&#8221;1\/1&#8243;][vc_custom_heading text_size=&#8221;h1&#8243; text_weight=&#8221;300&#8243;]NASZA PE\u0141NA OFERTA[\/vc_custom_heading][vc_separator sep_color=&#8221;accent&#8221; el_width=&#8221;50%&#8221;][\/vc_column][\/vc_row][vc_row unlock_row=&#8221;&#8221; row_height_percent=&#8221;0&#8243; overlay_alpha=&#8221;50&#8243; gutter_size=&#8221;3&#8243; column_width_percent=&#8221;100&#8243; border_color=&#8221;color-gyho&#8221; border_style=&#8221;dashed&#8221; shift_y=&#8221;0&#8243; z_index=&#8221;0&#8243; css=&#8221;.vc_custom_1531832211546{border-bottom-width: 1px !important;}&#8221;][vc_column column_width_percent=&#8221;100&#8243; position_vertical=&#8221;middle&#8221; overlay_alpha=&#8221;50&#8243; gutter_size=&#8221;3&#8243; border_color=&#8221;accent&#8221; border_style=&#8221;dashed&#8221; medium_width=&#8221;0&#8243; mobile_width=&#8221;0&#8243; shift_x=&#8221;0&#8243; shift_y=&#8221;0&#8243; shift_y_down=&#8221;0&#8243; z_index=&#8221;0&#8243; width=&#8221;2\/3&#8243; css=&#8221;.vc_custom_1531745654274{border-right-width: 1px !important;}&#8221;][vc_icon position=&#8221;left&#8221; icon=&#8221;fa fa-beaker&#8221; icon_color=&#8221;accent&#8221; size=&#8221;fa-5x&#8221; heading_semantic=&#8221;h2&#8243; text_size=&#8221;h2&#8243; text_weight=&#8221;300&#8243; linked_title=&#8221;yes&#8221; css_animation=&#8221;bottom-t-top&#8221; title=&#8221;Naprawy powierzchniowe konstrukcji \u017celbetowych i murowanych ceglanych&#8221; link=&#8221;url:http%3A%2F%2Fnew.blejkan.pl%2Fnaprawy-powierzchniowe-konstrukcji-zelbetowych-i-murowanych-ceglanych%2F|||&#8221;][\/vc_icon][\/vc_column][vc_column column_width_percent=&#8221;100&#8243; position_vertical=&#8221;middle&#8221; overlay_alpha=&#8221;50&#8243; gutter_size=&#8221;3&#8243; medium_width=&#8221;0&#8243; mobile_width=&#8221;0&#8243; shift_x=&#8221;0&#8243; shift_y=&#8221;0&#8243; shift_y_down=&#8221;0&#8243; z_index=&#8221;0&#8243; width=&#8221;1\/3&#8243;][vc_button button_color=&#8221;accent&#8221; radius=&#8221;btn-circle&#8221; border_animation=&#8221;btn-ripple-out&#8221; border_width=&#8221;0&#8243; link=&#8221;url:http%3A%2F%2Fblejkan.pl%2Fnaprawy-powierzchniowe-konstrukcji-zelbetowych-i-murowanych-ceglanych%2F|||&#8221;]Dowiedz si\u0119 wi\u0119cej[\/vc_button][\/vc_column][\/vc_row][vc_row unlock_row=&#8221;&#8221; row_height_percent=&#8221;0&#8243; overlay_alpha=&#8221;50&#8243; gutter_size=&#8221;3&#8243; column_width_percent=&#8221;100&#8243; border_color=&#8221;color-gyho&#8221; border_style=&#8221;dashed&#8221; shift_y=&#8221;0&#8243; z_index=&#8221;0&#8243; css=&#8221;.vc_custom_1531832241843{border-bottom-width: 1px !important;}&#8221;][vc_column column_width_percent=&#8221;100&#8243; position_vertical=&#8221;middle&#8221; overlay_alpha=&#8221;50&#8243; gutter_size=&#8221;3&#8243; border_color=&#8221;accent&#8221; border_style=&#8221;dashed&#8221; medium_width=&#8221;0&#8243; mobile_width=&#8221;0&#8243; shift_x=&#8221;0&#8243; shift_y=&#8221;0&#8243; shift_y_down=&#8221;0&#8243; z_index=&#8221;0&#8243; width=&#8221;2\/3&#8243; css=&#8221;.vc_custom_1531745654274{border-right-width: 1px !important;}&#8221;][vc_icon position=&#8221;left&#8221; icon=&#8221;fa fa-layers2&#8243; icon_color=&#8221;accent&#8221; size=&#8221;fa-5x&#8221; heading_semantic=&#8221;h2&#8243; text_size=&#8221;h2&#8243; text_weight=&#8221;300&#8243; linked_title=&#8221;yes&#8221; css_animation=&#8221;bottom-t-top&#8221; title=&#8221;Renowacja przykanalik\u00f3w i ko\u0142owych nieprze\u0142azowych przewod\u00f3w kanalizacyjnych&#8221; link=&#8221;url:http%3A%2F%2Fnew.blejkan.pl%2Frenowacja-przykanalikow-i-kolowych-nieprzelazowych-przewodow-kanalizacyjnych%2F|||&#8221;][\/vc_icon][\/vc_column][vc_column column_width_percent=&#8221;100&#8243; position_vertical=&#8221;middle&#8221; overlay_alpha=&#8221;50&#8243; gutter_size=&#8221;3&#8243; medium_width=&#8221;0&#8243; mobile_width=&#8221;0&#8243; shift_x=&#8221;0&#8243; shift_y=&#8221;0&#8243; shift_y_down=&#8221;0&#8243; z_index=&#8221;0&#8243; width=&#8221;1\/3&#8243;][vc_button button_color=&#8221;accent&#8221; radius=&#8221;btn-circle&#8221; border_animation=&#8221;btn-ripple-out&#8221; border_width=&#8221;0&#8243; link=&#8221;url:http%3A%2F%2Fblejkan.pl%2Frenowacja-przykanalikow-i-kolowych-nieprzelazowych-przewodow-kanalizacyjnych%2F|||&#8221;]Dowiedz si\u0119 wi\u0119cej[\/vc_button][\/vc_column][\/vc_row][vc_row unlock_row=&#8221;&#8221; row_height_percent=&#8221;0&#8243; overlay_alpha=&#8221;50&#8243; gutter_size=&#8221;3&#8243; column_width_percent=&#8221;100&#8243; border_color=&#8221;color-gyho&#8221; border_style=&#8221;dashed&#8221; shift_y=&#8221;0&#8243; z_index=&#8221;0&#8243; css=&#8221;.vc_custom_1531832241843{border-bottom-width: 1px !important;}&#8221;][vc_column column_width_percent=&#8221;100&#8243; position_vertical=&#8221;middle&#8221; overlay_alpha=&#8221;50&#8243; gutter_size=&#8221;3&#8243; border_color=&#8221;accent&#8221; border_style=&#8221;dashed&#8221; medium_width=&#8221;0&#8243; mobile_width=&#8221;0&#8243; shift_x=&#8221;0&#8243; shift_y=&#8221;0&#8243; shift_y_down=&#8221;0&#8243; z_index=&#8221;0&#8243; width=&#8221;2\/3&#8243; css=&#8221;.vc_custom_1531745654274{border-right-width: 1px !important;}&#8221;][vc_icon position=&#8221;left&#8221; icon=&#8221;fa fa-attachment&#8221; icon_color=&#8221;accent&#8221; size=&#8221;fa-5x&#8221; heading_semantic=&#8221;h2&#8243; text_size=&#8221;h2&#8243; text_weight=&#8221;300&#8243; linked_title=&#8221;yes&#8221; css_animation=&#8221;bottom-t-top&#8221; title=&#8221;Renowacja studni i kom\u00f3r rewizyjnych&#8221; link=&#8221;url:http%3A%2F%2Fnew.blejkan.pl%2Frenowacja-studni-i-komor-rewizyjnych%2F|||&#8221;][\/vc_icon][\/vc_column][vc_column column_width_percent=&#8221;100&#8243; position_vertical=&#8221;middle&#8221; overlay_alpha=&#8221;50&#8243; gutter_size=&#8221;3&#8243; medium_width=&#8221;0&#8243; mobile_width=&#8221;0&#8243; shift_x=&#8221;0&#8243; shift_y=&#8221;0&#8243; shift_y_down=&#8221;0&#8243; z_index=&#8221;0&#8243; width=&#8221;1\/3&#8243;][vc_button button_color=&#8221;accent&#8221; radius=&#8221;btn-circle&#8221; border_animation=&#8221;btn-ripple-out&#8221; border_width=&#8221;0&#8243; link=&#8221;url:http%3A%2F%2Fblejkan.pl%2Frenowacja-studni-i-komor-rewizyjnych%2F|||&#8221;]Dowiedz si\u0119 wi\u0119cej[\/vc_button][\/vc_column][\/vc_row][vc_row unlock_row=&#8221;&#8221; row_height_percent=&#8221;0&#8243; overlay_alpha=&#8221;50&#8243; gutter_size=&#8221;3&#8243; column_width_percent=&#8221;100&#8243; border_color=&#8221;color-gyho&#8221; border_style=&#8221;dashed&#8221; shift_y=&#8221;0&#8243; z_index=&#8221;0&#8243; css=&#8221;.vc_custom_1531832241843{border-bottom-width: 1px !important;}&#8221;][vc_column column_width_percent=&#8221;100&#8243; position_vertical=&#8221;middle&#8221; overlay_alpha=&#8221;50&#8243; gutter_size=&#8221;3&#8243; border_color=&#8221;accent&#8221; border_style=&#8221;dashed&#8221; medium_width=&#8221;0&#8243; mobile_width=&#8221;0&#8243; shift_x=&#8221;0&#8243; shift_y=&#8221;0&#8243; shift_y_down=&#8221;0&#8243; z_index=&#8221;0&#8243; width=&#8221;2\/3&#8243; css=&#8221;.vc_custom_1531745654274{border-right-width: 1px !important;}&#8221;][vc_icon position=&#8221;left&#8221; icon=&#8221;fa fa-paintbrush&#8221; icon_color=&#8221;accent&#8221; size=&#8221;fa-5x&#8221; heading_semantic=&#8221;h2&#8243; text_size=&#8221;h2&#8243; text_weight=&#8221;300&#8243; linked_title=&#8221;yes&#8221; css_animation=&#8221;bottom-t-top&#8221; title=&#8221;Renowacja wielkowymiarowych kolektor\u00f3w ko\u0142owych i nieko\u0142owych&#8221; link=&#8221;url:http%3A%2F%2Fnew.blejkan.pl%2Frenowacja-wielkowymiarowych-kolektorow-kolowych-i-niekolowych%2F|||&#8221;][\/vc_icon][\/vc_column][vc_column column_width_percent=&#8221;100&#8243; position_vertical=&#8221;middle&#8221; overlay_alpha=&#8221;50&#8243; gutter_size=&#8221;3&#8243; medium_width=&#8221;0&#8243; mobile_width=&#8221;0&#8243; shift_x=&#8221;0&#8243; shift_y=&#8221;0&#8243; shift_y_down=&#8221;0&#8243; z_index=&#8221;0&#8243; width=&#8221;1\/3&#8243;][vc_button button_color=&#8221;accent&#8221; radius=&#8221;btn-circle&#8221; border_animation=&#8221;btn-ripple-out&#8221; border_width=&#8221;0&#8243; link=&#8221;url:http%3A%2F%2Fblejkan.pl%2Frenowacja-wielkowymiarowych-kolektorow-kolowych-i-niekolowych%2F|||&#8221;]Dowiedz si\u0119 wi\u0119cej[\/vc_button][\/vc_column][\/vc_row][vc_row unlock_row=&#8221;&#8221; row_height_percent=&#8221;0&#8243; overlay_alpha=&#8221;50&#8243; gutter_size=&#8221;3&#8243; column_width_percent=&#8221;100&#8243; border_color=&#8221;color-gyho&#8221; border_style=&#8221;dashed&#8221; shift_y=&#8221;0&#8243; z_index=&#8221;0&#8243; css=&#8221;.vc_custom_1531832241843{border-bottom-width: 1px !important;}&#8221;][vc_column column_width_percent=&#8221;100&#8243; position_vertical=&#8221;middle&#8221; overlay_alpha=&#8221;50&#8243; gutter_size=&#8221;3&#8243; border_color=&#8221;accent&#8221; border_style=&#8221;dashed&#8221; medium_width=&#8221;0&#8243; mobile_width=&#8221;0&#8243; shift_x=&#8221;0&#8243; shift_y=&#8221;0&#8243; shift_y_down=&#8221;0&#8243; z_index=&#8221;0&#8243; width=&#8221;2\/3&#8243; css=&#8221;.vc_custom_1531745654274{border-right-width: 1px !important;}&#8221;][vc_icon position=&#8221;left&#8221; icon=&#8221;fa fa-page-break&#8221; icon_color=&#8221;accent&#8221; size=&#8221;fa-5x&#8221; heading_semantic=&#8221;h2&#8243; text_size=&#8221;h2&#8243; text_weight=&#8221;300&#8243; linked_title=&#8221;yes&#8221; css_animation=&#8221;bottom-t-top&#8221; title=&#8221;Renowacje i naprawy obiekt\u00f3w hydrotechnicznych i mostowych&#8221; link=&#8221;url:http%3A%2F%2Fnew.blejkan.pl%2Frenowacje-i-naprawy-obiektow-hydrotechnicznych-i-mostowych%2F|||&#8221;][\/vc_icon][\/vc_column][vc_column column_width_percent=&#8221;100&#8243; position_vertical=&#8221;middle&#8221; overlay_alpha=&#8221;50&#8243; gutter_size=&#8221;3&#8243; medium_width=&#8221;0&#8243; mobile_width=&#8221;0&#8243; shift_x=&#8221;0&#8243; shift_y=&#8221;0&#8243; shift_y_down=&#8221;0&#8243; z_index=&#8221;0&#8243; width=&#8221;1\/3&#8243;][vc_button button_color=&#8221;accent&#8221; radius=&#8221;btn-circle&#8221; border_animation=&#8221;btn-ripple-out&#8221; border_width=&#8221;0&#8243; link=&#8221;url:http%3A%2F%2Fblejkan.pl%2Frenowacje-i-naprawy-obiektow-hydrotechnicznych-i-mostowych%2F|||&#8221;]Dowiedz si\u0119 wi\u0119cej[\/vc_button][\/vc_column][\/vc_row][vc_row unlock_row=&#8221;&#8221; row_height_percent=&#8221;0&#8243; override_padding=&#8221;yes&#8221; h_padding=&#8221;2&#8243; top_padding=&#8221;2&#8243; bottom_padding=&#8221;3&#8243; overlay_alpha=&#8221;50&#8243; gutter_size=&#8221;3&#8243; column_width_percent=&#8221;100&#8243; border_color=&#8221;color-gyho&#8221; border_style=&#8221;dashed&#8221; shift_y=&#8221;0&#8243; z_index=&#8221;0&#8243; css=&#8221;.vc_custom_1532002209658{border-bottom-width: 1px !important;}&#8221;][vc_column column_width_percent=&#8221;100&#8243; position_vertical=&#8221;middle&#8221; overlay_alpha=&#8221;50&#8243; gutter_size=&#8221;3&#8243; border_color=&#8221;accent&#8221; border_style=&#8221;dashed&#8221; medium_width=&#8221;0&#8243; mobile_width=&#8221;0&#8243; shift_x=&#8221;0&#8243; shift_y=&#8221;0&#8243; shift_y_down=&#8221;0&#8243; z_index=&#8221;0&#8243; width=&#8221;2\/3&#8243; css=&#8221;.vc_custom_1531745654274{border-right-width: 1px !important;}&#8221;][vc_icon position=&#8221;left&#8221; icon=&#8221;fa fa-tools-2&#8243; icon_color=&#8221;accent&#8221; size=&#8221;fa-5x&#8221; heading_semantic=&#8221;h2&#8243; text_size=&#8221;h2&#8243; text_weight=&#8221;300&#8243; linked_title=&#8221;yes&#8221; css_animation=&#8221;bottom-t-top&#8221; title=&#8221;Renowacja zbiornik\u00f3w na oczyszczalniach \u015bciek\u00f3w i stacjach uzdatniania wody&#8221; link=&#8221;url:http%3A%2F%2Fnew.blejkan.pl%2Frenowacja-zbiornikow-na-oczyszczalniach-sciekow-i-stacjach-uzdatniania-wody%2F|||&#8221;][\/vc_icon][\/vc_column][vc_column column_width_percent=&#8221;100&#8243; position_vertical=&#8221;middle&#8221; overlay_alpha=&#8221;50&#8243; gutter_size=&#8221;3&#8243; medium_width=&#8221;0&#8243; mobile_width=&#8221;0&#8243; shift_x=&#8221;0&#8243; shift_y=&#8221;0&#8243; shift_y_down=&#8221;0&#8243; z_index=&#8221;0&#8243; width=&#8221;1\/3&#8243;][vc_button button_color=&#8221;accent&#8221; radius=&#8221;btn-circle&#8221; border_animation=&#8221;btn-ripple-out&#8221; border_width=&#8221;0&#8243; link=&#8221;url:http%3A%2F%2Fblejkan.pl%2Frenowacja-zbiornikow-na-oczyszczalniach-sciekow-i-stacjach-uzdatniania-wody%2F|||&#8221;]Dowiedz si\u0119 wi\u0119cej[\/vc_button][\/vc_column][\/vc_row][vc_row][vc_column width=&#8221;1\/1&#8243;][uncode_block id=&#8221;73385&#8243;][\/vc_column][\/vc_row][vc_row row_height_percent=&#8221;0&#8243; back_color=&#8221;color-157743&#8243; back_image=&#8221;72270&#8243; back_position=&#8221;left bottom&#8221; overlay_alpha=&#8221;50&#8243; gutter_size=&#8221;3&#8243; column_width_percent=&#8221;100&#8243; shift_y=&#8221;0&#8243; z_index=&#8221;0&#8243; back_size=&#8221;background-size: 300px 100px;&#8221;][vc_column column_width_percent=&#8221;100&#8243; overlay_alpha=&#8221;50&#8243; gutter_size=&#8221;3&#8243; medium_width=&#8221;0&#8243; mobile_width=&#8221;0&#8243; shift_x=&#8221;0&#8243; shift_y=&#8221;0&#8243; shift_y_down=&#8221;0&#8243; z_index=&#8221;0&#8243; width=&#8221;1\/1&#8243;][vc_custom_heading heading_semantic=&#8221;h3&#8243; text_weight=&#8221;300&#8243;]Wybrane realizacje[\/vc_custom_heading][vc_separator sep_color=&#8221;accent&#8221; el_width=&#8221;200&#8243;][uncode_index el_id=&#8221;index-115561&#8243; loop=&#8221;size:3|order_by:date|post_type:portfolio&#8221; gutter_size=&#8221;3&#8243; portfolio_items=&#8221;media|featured|onpost|original,category,title,text|excerpt|60,date,sep-one|reduced,link|link&#8221; screen_lg=&#8221;1000&#8243; screen_md=&#8221;600&#8243; screen_sm=&#8221;480&#8243; images_size=&#8221;sixteen-nine&#8221; single_overlay_opacity=&#8221;50&#8243; single_padding=&#8221;0&#8243; single_title_dimension=&#8221;h4&#8243; single_title_semantic=&#8221;h4&#8243; single_title_weight=&#8221;300&#8243; title=&#8221;Wybrane realizacje&#8221;][vc_separator sep_color=&#8221;accent&#8221;][\/vc_column][\/vc_row]<\/p>\n<\/div>","protected":false},"excerpt":{"rendered":"<p>[vc_row][vc_column column_width_percent=&#8221;100&#8243; align_horizontal=&#8221;align_center&#8221; overlay_alpha=&#8221;50&#8243; gutter_size=&#8221;3&#8243; medium_width=&#8221;0&#8243; mobile_width=&#8221;0&#8243; shift_x=&#8221;0&#8243; shift_y=&#8221;0&#8243; shift_y_down=&#8221;0&#8243; z_index=&#8221;0&#8243; width=&#8221;1\/1&#8243;][vc_custom_heading text_size=&#8221;h1&#8243; text_weight=&#8221;300&#8243;]NASZA PE\u0141NA OFERTA[\/vc_custom_heading][vc_separator sep_color=&#8221;accent&#8221; el_width=&#8221;50%&#8221;][\/vc_column][\/vc_row][vc_row unlock_row=&#8221;&#8221; row_height_percent=&#8221;0&#8243; [&hellip;]<\/p>\n","protected":false},"author":1,"featured_media":0,"parent":0,"menu_order":0,"comment_status":"closed","ping_status":"closed","template":"","meta":{"footnotes":""},"class_list":["post-75181","page","type-page","status-publish","hentry"],"aioseo_notices":[],"_links":{"self":[{"href":"https:\/\/www.blejkan.ro\/en\/wp-json\/wp\/v2\/pages\/75181","targetHints":{"allow":["GET"]}}],"collection":[{"href":"https:\/\/www.blejkan.ro\/en\/wp-json\/wp\/v2\/pages"}],"about":[{"href":"https:\/\/www.blejkan.ro\/en\/wp-json\/wp\/v2\/types\/page"}],"author":[{"embeddable":true,"href":"https:\/\/www.blejkan.ro\/en\/wp-json\/wp\/v2\/users\/1"}],"replies":[{"embeddable":true,"href":"https:\/\/www.blejkan.ro\/en\/wp-json\/wp\/v2\/comments?post=75181"}],"version-history":[{"count":0,"href":"https:\/\/www.blejkan.ro\/en\/wp-json\/wp\/v2\/pages\/75181\/revisions"}],"wp:attachment":[{"href":"https:\/\/www.blejkan.ro\/en\/wp-json\/wp\/v2\/media?parent=75181"}],"curies":[{"name":"wp","href":"https:\/\/api.w.org\/{rel}","templated":true}]}}