{"id":75233,"date":"2019-05-07T12:21:53","date_gmt":"2019-05-07T10:21:53","guid":{"rendered":"https:\/\/blejkan.pl\/renowacja-wykladzina-z-rur-ciaglych\/"},"modified":"2019-05-07T12:21:54","modified_gmt":"2019-05-07T10:21:54","slug":"renowacja-wykladzina-z-rur-ciaglych","status":"publish","type":"page","link":"https:\/\/www.blejkan.ro\/en\/renowacja-wykladzina-z-rur-ciaglych\/","title":{"rendered":"Renowacja wyk\u0142adzin\u0105 z rur ci\u0105g\u0142ych"},"content":{"rendered":"<div class=\"wpb-content-wrapper\"><p>[vc_row row_height_percent=&#8221;0&#8243; overlay_alpha=&#8221;50&#8243; gutter_size=&#8221;3&#8243; column_width_percent=&#8221;100&#8243; border_color=&#8221;accent&#8221; border_style=&#8221;solid&#8221; shift_y=&#8221;0&#8243; z_index=&#8221;0&#8243; css=&#8221;.vc_custom_1548944632644{border-top-width: 12px !important;}&#8221;][vc_column width=&#8221;1\/1&#8243;][vc_custom_heading heading_semantic=&#8221;h3&#8243; text_size=&#8221;h3&#8243; text_weight=&#8221;300&#8243; subheading=&#8221;zgodnie z PN-EN 752-2; 752-5, 13689; 13566-2 oraz PN-EN ISO 11296-1&#8243;]OPIS TECHNICZNY METODY RENOWACJI WYK\u0141ADZINA Z RUR CI\u0104G\u0141YCH[\/vc_custom_heading][vc_separator sep_color=&#8221;color-gyho&#8221;][\/vc_column][\/vc_row][vc_row][vc_column width=&#8221;1\/2&#8243;][vc_custom_heading heading_semantic=&#8221;h3&#8243; text_size=&#8221;h3&#8243;]MATERIA\u0141[\/vc_custom_heading][vc_column_text]W metodzie renowacji ruroci\u0105g\u00f3w wyk\u0142adzin\u0105 z rur ci\u0105g\u0142ych (relining lu\u017any, sliplining) zastosowanie maj\u0105 rury polietylenowe (HDPE) oraz polipropylenowe (PP). Rury te produkowane s\u0105 tworzywa, kt\u00f3re powinno spe\u0142nia\u0107 wymagania normy EN 13244-1. Mo\u017cna r\u00f3wnie\u017c stosowa\u0107 rury wielowarstwowe, a tak\u017ce rury z warstw\u0105 ochronn\u0105.[\/vc_column_text][vc_custom_heading heading_semantic=&#8221;h3&#8243; text_size=&#8221;h3&#8243;]URZ\u0104DZENIA DO INSTALACJI WYK\u0141ADZINY[\/vc_custom_heading][uncode_list icon=&#8221;fa fa-check&#8221;]<\/p>\n<ul>\n<li>urz\u0105dzenie do czyszczenia (samoch\u00f3d ci\u015bnieniowy)<\/li>\n<li>zdalnie sterowana kamera do inspekcji<\/li>\n<li>urz\u0105dzenie do kalibracji<\/li>\n<li>zdalnie sterowane urz\u0105dzenie do frezowania<\/li>\n<li>urz\u0105dzenia do zgrzewania rur (zgrzewarki i ekstrudery)<\/li>\n<li>rolki prowadz\u0105ce<\/li>\n<li>urz\u0105dzenie wci\u0105gaj\u0105ce (wci\u0105garka)<\/li>\n<li>urz\u0105dzenia do by-passu (pompy, w\u0119\u017ce)<\/li>\n<li>urz\u0105dzenia do pr\u00f3b<\/li>\n<\/ul>\n<p>[\/uncode_list][vc_custom_heading heading_semantic=&#8221;h3&#8243; text_size=&#8221;h3&#8243;]PRZYGOTOWANIE DO INSTALACJI[\/vc_custom_heading][vc_column_text]Po wy\u0142\u0105czeniu z eksploatacji danego odcinka ruroci\u0105gu, do jego wn\u0119trza wci\u0105gni\u0119ta zostaje lina poci\u0105gowa, a na ko\u0144cu rury zostaje zamontowana rolka kieruj\u0105ca.[\/vc_column_text][\/vc_column][vc_column width=&#8221;1\/2&#8243;][vc_custom_heading heading_semantic=&#8221;h3&#8243; text_size=&#8221;h3&#8243;]INSTALACJA[\/vc_custom_heading][vc_column_text]Do tak przygotowanego odcinka ruroci\u0105gu wci\u0105ga si\u0119 ci\u0105g\u0142\u0105 rur\u0119 odwijan\u0105 z kr\u0119gu lub zgrzan\u0105 w odpowiedniej d\u0142ugo\u015bci odcinki \u2013 w zale\u017cno\u015bci od \u015brednicy. Nale\u017cy pami\u0119ta\u0107 o tym, \u017ceby nie przekroczy\u0107 maksymalnych si\u0142 wci\u0105gaj\u0105cych \u2013 mog\u0142oby to spowodowa\u0107 uszkodzenie ci\u0105g\u0142ej rury. W celu zmniejszenia si\u0142 tarcia mo\u017cna stosowa\u0107 \u015brodki po\u015blizgowe takie jak woda, bentonit, folia po\u015blizgowa, itp. Pr\u0119dko\u015b\u0107 wci\u0105gania mo\u017ce by\u0107 regulowana na wyci\u0105garce. Po wci\u0105gni\u0119ciu ca\u0142ego przygotowanego odcinka dokonuje si\u0119 sprawdzenia prawid\u0142owo\u015bci u\u0142o\u017cenia rury we wn\u0119trzu starego kana\u0142u, a nast\u0119pnie ko\u0144ce rury s\u0105 kotwione.<br \/>\nPo zakotwieniu i uszczelnieniu po\u0142\u0105cze\u0144 nowej rury ze studni\u0105 lub z miejscem wej\u015bcia w wykopie monta\u017cowym, woln\u0105 przestrze\u0144 pomi\u0119dzy star\u0105 i now\u0105 rur\u0105 mo\u017cna wype\u0142ni\u0107 mas\u0105 iniekcyjn\u0105. Masa ma za zadanie ustabilizowanie po\u0142o\u017cenia nowej rury we wn\u0119trzu poddawanego renowacji kana\u0142u. Gdy w starym ruroci\u0105gu wyst\u0119powa\u0142y przy\u0142\u0105cza w\u0142\u0105czone na tr\u00f3jniki, to nale\u017cy je przed wype\u0142nieniem w\u0142\u0105czy\u0107 do nowej rury poprzez kszta\u0142tk\u0119 uniemo\u017cliwiaj\u0105c\u0105 niekontrolowane zainiektowanie przykanalika.<br \/>\nPo wykonaniu monta\u017cu ci\u0105g\u0142ej rury mo\u017cna przyst\u0105pi\u0107 do zasypania wykopu monta\u017cowego i odtworzenia nawierzchni.<br \/>\n[\/vc_column_text][vc_custom_heading heading_semantic=&#8221;h3&#8243; text_size=&#8221;h3&#8243;]KONTROLA[\/vc_custom_heading][vc_column_text]<strong>INSPEKCJA TV<\/strong><\/p>\n<p>Po instalacji i otwarciu przy\u0142\u0105czy, wykonywana jest inspekcja TV odbiorowa z zapisem na DVD lub na innych no\u015bnikach pami\u0119ci. Jednocze\u015bnie sporz\u0105dzany jest raport z inspekcji.<\/p>\n<p><strong>TESTY<\/strong><\/p>\n<p>Zgodnie z PN-EN ISO 11296-1 oraz PN-EN 13566-2.<\/p>\n<p>[\/vc_column_text][\/vc_column][\/vc_row][vc_row][vc_column width=&#8221;1\/1&#8243;][vc_separator sep_color=&#8221;color-gyho&#8221;][vc_custom_heading sub_lead=&#8221;yes&#8221; subheading=&#8221;Zakres \u015brednic: Bez ogranicze\u0144.Sieci przemys\u0142owe, gazownicze, wodoci\u0105gowe, kanalizacyjne ci\u015bnieniowe i bezci\u015bnieniowe.&#8221;]ZASTOSOWANIE[\/vc_custom_heading][vc_separator sep_color=&#8221;color-gyho&#8221;][vc_custom_heading heading_semantic=&#8221;h3&#8243; text_size=&#8221;h3&#8243;]USUWANIE USTEREK[\/vc_custom_heading][vc_column_text]Usterki usuwane s\u0105 z wykorzystaniem robota pod kontrol\u0105 kamery lub\/i poprzez wklejanie kr\u00f3tkich przewod\u00f3w rurowych. W przypadkach ekstremalnych konieczne jest wykonanie wykopu i monta\u017c nowego odcinka ruroci\u0105gu.<br \/>\n[\/vc_column_text][\/vc_column][\/vc_row][vc_row][vc_column width=&#8221;1\/1&#8243;][uncode_block id=&#8221;74944&#8243;][\/vc_column][\/vc_row]<\/p>\n<\/div>","protected":false},"excerpt":{"rendered":"<p>[vc_row row_height_percent=&#8221;0&#8243; overlay_alpha=&#8221;50&#8243; gutter_size=&#8221;3&#8243; column_width_percent=&#8221;100&#8243; border_color=&#8221;accent&#8221; border_style=&#8221;solid&#8221; shift_y=&#8221;0&#8243; z_index=&#8221;0&#8243; css=&#8221;.vc_custom_1548944632644{border-top-width: 12px !important;}&#8221;][vc_column width=&#8221;1\/1&#8243;][vc_custom_heading heading_semantic=&#8221;h3&#8243; text_size=&#8221;h3&#8243; text_weight=&#8221;300&#8243; subheading=&#8221;zgodnie z PN-EN 752-2; [&hellip;]<\/p>\n","protected":false},"author":1,"featured_media":0,"parent":0,"menu_order":0,"comment_status":"closed","ping_status":"closed","template":"","meta":{"footnotes":""},"class_list":["post-75233","page","type-page","status-publish","hentry"],"aioseo_notices":[],"_links":{"self":[{"href":"https:\/\/www.blejkan.ro\/en\/wp-json\/wp\/v2\/pages\/75233","targetHints":{"allow":["GET"]}}],"collection":[{"href":"https:\/\/www.blejkan.ro\/en\/wp-json\/wp\/v2\/pages"}],"about":[{"href":"https:\/\/www.blejkan.ro\/en\/wp-json\/wp\/v2\/types\/page"}],"author":[{"embeddable":true,"href":"https:\/\/www.blejkan.ro\/en\/wp-json\/wp\/v2\/users\/1"}],"replies":[{"embeddable":true,"href":"https:\/\/www.blejkan.ro\/en\/wp-json\/wp\/v2\/comments?post=75233"}],"version-history":[{"count":0,"href":"https:\/\/www.blejkan.ro\/en\/wp-json\/wp\/v2\/pages\/75233\/revisions"}],"wp:attachment":[{"href":"https:\/\/www.blejkan.ro\/en\/wp-json\/wp\/v2\/media?parent=75233"}],"curies":[{"name":"wp","href":"https:\/\/api.w.org\/{rel}","templated":true}]}}